{"id":2992,"date":"2022-05-30T14:16:41","date_gmt":"2022-05-30T17:16:41","guid":{"rendered":"https:\/\/web2.petropolis.rj.gov.br\/serra-serata\/?page_id=2992"},"modified":"2024-09-02T12:16:03","modified_gmt":"2024-09-02T15:16:03","slug":"serra-serata-2023-la-vita-e-bella","status":"publish","type":"page","link":"https:\/\/web2.petropolis.rj.gov.br\/serra-serata\/","title":{"rendered":"Home Serra Serata"},"content":{"rendered":"\t\t<div data-elementor-type=\"wp-page\" data-elementor-id=\"2992\" class=\"elementor elementor-2992\" data-elementor-settings=\"[]\">\n\t\t\t\t\t\t\t<div class=\"elementor-section-wrap\">\n\t\t\t\t\t\t\t<section class=\"elementor-section elementor-top-section elementor-element elementor-element-a6db0a5 elementor-section-full_width elementor-section-height-default elementor-section-height-default row-top\" data-id=\"a6db0a5\" data-element_type=\"section\">\n\t\t\t\t\t\t<div class=\"elementor-container elementor-column-gap-default\">\n\t\t\t\t\t<div class=\"elementor-column elementor-col-100 elementor-top-column elementor-element elementor-element-cbd8e7d column-style-top\" data-id=\"cbd8e7d\" data-element_type=\"column\">\n\t\t\t<div class=\"elementor-widget-wrap\">\n\t\t\t\t\t\t\t\t\t<\/div>\n\t\t<\/div>\n\t\t\t\t\t\t\t<\/div>\n\t\t<\/section>\n\t\t\t\t<section class=\"elementor-section elementor-top-section elementor-element elementor-element-177345af elementor-section-boxed elementor-section-height-default elementor-section-height-default row-top\" data-id=\"177345af\" data-element_type=\"section\" data-settings=\"{&quot;background_background&quot;:&quot;classic&quot;}\">\n\t\t\t\t\t\t<div class=\"elementor-container elementor-column-gap-default\">\n\t\t\t\t\t<div class=\"elementor-column elementor-col-100 elementor-top-column elementor-element elementor-element-7b1b5341 column-style-top\" data-id=\"7b1b5341\" data-element_type=\"column\">\n\t\t\t<div class=\"elementor-widget-wrap elementor-element-populated\">\n\t\t\t\t\t\t\t\t<div class=\"elementor-element elementor-element-1dbccabc elementor-widget elementor-widget-gva-heading-block\" data-id=\"1dbccabc\" data-element_type=\"widget\" data-widget_type=\"gva-heading-block.default\">\n\t\t\t\t<div class=\"elementor-widget-container\">\n\t\t\t<div class=\"gva-element-gva-heading-block gva-element\">   <div class=\"align-center style-2 widget gsc-heading box-align-center\">\r\n      <div class=\"content-inner\">\r\n         \r\n                  \r\n                     <div class=\"clearfix\"><div class=\"sub-title\"><span>Bem-vindos \u00e0<\/span><\/div><\/div>\r\n           \r\n         \r\n                     <h2 class=\"title\">\r\n               <span>Serra Serata  2024 \n<h1 style=\"color: #2DD77D\">Italiani\u00a0Al\u00a0Mondo<\/h4><\/span>\r\n            <\/h2>\r\n                              <div class=\"title-desc\"><div>de 04 a 8 de setembro de 2024<\/div>\n<br>\n<p class=\"text-center\">Pal\u00e1cio de Cristal \u00b7 Centro Cultural\u00a0Raul\u00a0de\u00a0Leoni<\/p>\n<br><\/div>\r\n         \r\n                     <div class=\"heading-action\">\r\n                       <a href=\"https:\/\/www.petropolis.rj.gov.br\/pmp\/phocadownload\/destaques\/2024\/programacao-serra-serata.pdf\" class=\"btn-cta btn-theme \" target=\"_blank\">\r\n          <span>Clique aqui e confira a programa\u00e7\u00e3o<\/span>\r\n        <\/a>\r\n\r\n                    <\/div>\r\n         \r\n      <\/div>\r\n   <\/div>\r\n   <div class=\"clearfix\"><\/div>\r\n<\/div>\t\t<\/div>\n\t\t\t\t<\/div>\n\t\t\t\t\t<\/div>\n\t\t<\/div>\n\t\t\t\t\t\t\t<\/div>\n\t\t<\/section>\n\t\t\t\t<section class=\"elementor-section elementor-top-section elementor-element elementor-element-1fd7d58 elementor-section-full_width elementor-section-height-default elementor-section-height-default row-top\" data-id=\"1fd7d58\" data-element_type=\"section\" data-settings=\"{&quot;background_background&quot;:&quot;classic&quot;}\">\n\t\t\t\t\t\t<div class=\"elementor-container elementor-column-gap-default\">\n\t\t\t\t\t<div class=\"elementor-column elementor-col-50 elementor-top-column elementor-element elementor-element-61cf47e column-style-top\" data-id=\"61cf47e\" data-element_type=\"column\" data-settings=\"{&quot;background_background&quot;:&quot;classic&quot;}\">\n\t\t\t<div class=\"elementor-widget-wrap elementor-element-populated\">\n\t\t\t\t\t<div class=\"elementor-background-overlay\"><\/div>\n\t\t\t\t\t\t\t\t<div class=\"elementor-element elementor-element-e20aed9 elementor-widget elementor-widget-gva-heading-block\" data-id=\"e20aed9\" data-element_type=\"widget\" data-widget_type=\"gva-heading-block.default\">\n\t\t\t\t<div class=\"elementor-widget-container\">\n\t\t\t<div class=\"gva-element-gva-heading-block gva-element\">   <div class=\"align-center style-1 widget gsc-heading box-align-left\">\r\n      <div class=\"content-inner\">\r\n         \r\n                  \r\n           \r\n         \r\n                     <h2 class=\"title\">\r\n               <span>Hist\u00f3ria<\/span>\r\n            <\/h2>\r\n                              <div class=\"title-desc\">Conhe\u00e7a a hist\u00f3ria da imigra\u00e7\u00e3o italiana.<\/div>\r\n         \r\n                     <div class=\"heading-action\">\r\n                       <a href=\"https:\/\/web2.petropolis.rj.gov.br\/serra-serata\/os-primeiros-italianos-em-petropolis\/\" class=\"btn-cta btn-theme \">\r\n          <span>Saiba mais<\/span>\r\n        <\/a>\r\n\r\n                    <\/div>\r\n         \r\n      <\/div>\r\n   <\/div>\r\n   <div class=\"clearfix\"><\/div>\r\n<\/div>\t\t<\/div>\n\t\t\t\t<\/div>\n\t\t\t\t\t<\/div>\n\t\t<\/div>\n\t\t\t\t<div class=\"elementor-column elementor-col-50 elementor-top-column elementor-element elementor-element-1f4a7ac column-style-top\" data-id=\"1f4a7ac\" data-element_type=\"column\" data-settings=\"{&quot;background_background&quot;:&quot;classic&quot;}\">\n\t\t\t<div class=\"elementor-widget-wrap elementor-element-populated\">\n\t\t\t\t\t<div class=\"elementor-background-overlay\"><\/div>\n\t\t\t\t\t\t\t\t<div class=\"elementor-element elementor-element-ac83d89 elementor-widget elementor-widget-gva-heading-block\" data-id=\"ac83d89\" data-element_type=\"widget\" data-widget_type=\"gva-heading-block.default\">\n\t\t\t\t<div class=\"elementor-widget-container\">\n\t\t\t<div class=\"gva-element-gva-heading-block gva-element\">   <div class=\"align-center style-1 widget gsc-heading box-align-left\">\r\n      <div class=\"content-inner\">\r\n         \r\n                  \r\n           \r\n         \r\n                     <h2 class=\"title\">\r\n               <span>Curiosidades<\/span>\r\n            <\/h2>\r\n                              <div class=\"title-desc\">Conhe\u00e7a as curiosidades e tradi\u00e7\u00f5es do Serra Serata.<\/div>\r\n         \r\n                     <div class=\"heading-action\">\r\n                       <a href=\"https:\/\/web2.petropolis.rj.gov.br\/serra-serata\/curiosidades\/\" class=\"btn-cta btn-black \">\r\n          <span>Saiba mais<\/span>\r\n        <\/a>\r\n\r\n                    <\/div>\r\n         \r\n      <\/div>\r\n   <\/div>\r\n   <div class=\"clearfix\"><\/div>\r\n<\/div>\t\t<\/div>\n\t\t\t\t<\/div>\n\t\t\t\t\t<\/div>\n\t\t<\/div>\n\t\t\t\t\t\t\t<\/div>\n\t\t<\/section>\n\t\t\t\t\t\t<\/div>\n\t\t\t\t\t<\/div>\n\t\t","protected":false},"excerpt":{"rendered":"<p>Bem-vindos \u00e0 Serra Serata 2024 Italiani\u00a0Al\u00a0Mondo de 04 a 8 de setembro de 2024 Pal\u00e1cio de Cristal \u00b7 Centro Cultural\u00a0Raul\u00a0de\u00a0Leoni Clique aqui e confira a programa\u00e7\u00e3o Hist\u00f3ria Conhe\u00e7a a hist\u00f3ria [&hellip;]<\/p>\n","protected":false},"author":1,"featured_media":2455,"parent":0,"menu_order":0,"comment_status":"closed","ping_status":"closed","template":"","meta":[],"yoast_head":"<!-- This site is optimized with the Yoast SEO plugin v16.8 - https:\/\/yoast.com\/wordpress\/plugins\/seo\/ -->\n<title>Serra Serata 2024 - Italiani\u00a0Al\u00a0Mondo<\/title>\n<meta name=\"description\" content=\"Serra Serata \u00e9 um festival da cultura italiana realizado anualmente na cidade de Petr\u00f3polis - RJ\" \/>\n<meta name=\"robots\" content=\"index, follow, max-snippet:-1, max-image-preview:large, max-video-preview:-1\" \/>\n<link rel=\"canonical\" href=\"https:\/\/web2.petropolis.rj.gov.br\/serra-serata\/\" \/>\n<meta property=\"og:locale\" content=\"pt_BR\" \/>\n<meta property=\"og:type\" content=\"article\" \/>\n<meta property=\"og:title\" content=\"Serra Serata 2024 - Italiani\u00a0Al\u00a0Mondo\" \/>\n<meta property=\"og:description\" content=\"Serra Serata \u00e9 um festival da cultura italiana realizado anualmente na cidade de Petr\u00f3polis - RJ\" \/>\n<meta property=\"og:url\" content=\"https:\/\/web2.petropolis.rj.gov.br\/serra-serata\/\" \/>\n<meta property=\"og:site_name\" content=\"Serra Serata\" \/>\n<meta property=\"article:modified_time\" content=\"2024-09-02T15:16:03+00:00\" \/>\n<meta property=\"og:image\" content=\"https:\/\/web2.petropolis.rj.gov.br\/serra-serata\/wp-content\/uploads\/2020\/09\/Serra-Serata-Com-o-2021.png\" \/>\n\t<meta property=\"og:image:width\" content=\"3263\" \/>\n\t<meta property=\"og:image:height\" content=\"2090\" \/>\n<meta name=\"twitter:card\" content=\"summary_large_image\" \/>\n<meta name=\"twitter:label1\" content=\"Est. tempo de leitura\" \/>\n\t<meta name=\"twitter:data1\" content=\"1 minuto\" \/>\n<script type=\"application\/ld+json\" class=\"yoast-schema-graph\">{\"@context\":\"https:\/\/schema.org\",\"@graph\":[{\"@type\":\"WebSite\",\"@id\":\"https:\/\/web2.petropolis.rj.gov.br\/serra-serata\/#website\",\"url\":\"https:\/\/web2.petropolis.rj.gov.br\/serra-serata\/\",\"name\":\"Serra Serata\",\"description\":\"2024\",\"potentialAction\":[{\"@type\":\"SearchAction\",\"target\":{\"@type\":\"EntryPoint\",\"urlTemplate\":\"https:\/\/web2.petropolis.rj.gov.br\/serra-serata\/?s={search_term_string}\"},\"query-input\":\"required name=search_term_string\"}],\"inLanguage\":\"pt-BR\"},{\"@type\":\"ImageObject\",\"@id\":\"https:\/\/web2.petropolis.rj.gov.br\/serra-serata\/#primaryimage\",\"inLanguage\":\"pt-BR\",\"url\":\"https:\/\/web2.petropolis.rj.gov.br\/serra-serata\/wp-content\/uploads\/2020\/09\/Serra-Serata-Com-o-2021.png\",\"contentUrl\":\"https:\/\/web2.petropolis.rj.gov.br\/serra-serata\/wp-content\/uploads\/2020\/09\/Serra-Serata-Com-o-2021.png\",\"width\":3263,\"height\":2090},{\"@type\":\"WebPage\",\"@id\":\"https:\/\/web2.petropolis.rj.gov.br\/serra-serata\/#webpage\",\"url\":\"https:\/\/web2.petropolis.rj.gov.br\/serra-serata\/\",\"name\":\"Serra Serata 2024 - Italiani\\u00a0Al\\u00a0Mondo\",\"isPartOf\":{\"@id\":\"https:\/\/web2.petropolis.rj.gov.br\/serra-serata\/#website\"},\"primaryImageOfPage\":{\"@id\":\"https:\/\/web2.petropolis.rj.gov.br\/serra-serata\/#primaryimage\"},\"datePublished\":\"2022-05-30T17:16:41+00:00\",\"dateModified\":\"2024-09-02T15:16:03+00:00\",\"description\":\"Serra Serata \\u00e9 um festival da cultura italiana realizado anualmente na cidade de Petr\\u00f3polis - RJ\",\"breadcrumb\":{\"@id\":\"https:\/\/web2.petropolis.rj.gov.br\/serra-serata\/#breadcrumb\"},\"inLanguage\":\"pt-BR\",\"potentialAction\":[{\"@type\":\"ReadAction\",\"target\":[\"https:\/\/web2.petropolis.rj.gov.br\/serra-serata\/\"]}]},{\"@type\":\"BreadcrumbList\",\"@id\":\"https:\/\/web2.petropolis.rj.gov.br\/serra-serata\/#breadcrumb\",\"itemListElement\":[{\"@type\":\"ListItem\",\"position\":1,\"name\":\"In\\u00edcio\",\"item\":\"https:\/\/web2.petropolis.rj.gov.br\/serra-serata\/\"},{\"@type\":\"ListItem\",\"position\":2,\"name\":\"Home Serra Serata\"}]}]}<\/script>\n<!-- \/ Yoast SEO plugin. -->","yoast_head_json":{"title":"Serra Serata 2024 - Italiani\u00a0Al\u00a0Mondo","description":"Serra Serata \u00e9 um festival da cultura italiana realizado anualmente na cidade de Petr\u00f3polis - RJ","robots":{"index":"index","follow":"follow","max-snippet":"max-snippet:-1","max-image-preview":"max-image-preview:large","max-video-preview":"max-video-preview:-1"},"canonical":"https:\/\/web2.petropolis.rj.gov.br\/serra-serata\/","og_locale":"pt_BR","og_type":"article","og_title":"Serra Serata 2024 - Italiani\u00a0Al\u00a0Mondo","og_description":"Serra Serata \u00e9 um festival da cultura italiana realizado anualmente na cidade de Petr\u00f3polis - RJ","og_url":"https:\/\/web2.petropolis.rj.gov.br\/serra-serata\/","og_site_name":"Serra Serata","article_modified_time":"2024-09-02T15:16:03+00:00","og_image":[{"width":3263,"height":2090,"url":"https:\/\/web2.petropolis.rj.gov.br\/serra-serata\/wp-content\/uploads\/2020\/09\/Serra-Serata-Com-o-2021.png","path":"\/var\/www\/html\/serra-serata\/wp-content\/uploads\/2020\/09\/Serra-Serata-Com-o-2021.png","size":"full","id":2455,"alt":"","pixels":6819670,"type":"image\/png"}],"twitter_card":"summary_large_image","twitter_misc":{"Est. tempo de leitura":"1 minuto"},"schema":{"@context":"https:\/\/schema.org","@graph":[{"@type":"WebSite","@id":"https:\/\/web2.petropolis.rj.gov.br\/serra-serata\/#website","url":"https:\/\/web2.petropolis.rj.gov.br\/serra-serata\/","name":"Serra Serata","description":"2024","potentialAction":[{"@type":"SearchAction","target":{"@type":"EntryPoint","urlTemplate":"https:\/\/web2.petropolis.rj.gov.br\/serra-serata\/?s={search_term_string}"},"query-input":"required name=search_term_string"}],"inLanguage":"pt-BR"},{"@type":"ImageObject","@id":"https:\/\/web2.petropolis.rj.gov.br\/serra-serata\/#primaryimage","inLanguage":"pt-BR","url":"https:\/\/web2.petropolis.rj.gov.br\/serra-serata\/wp-content\/uploads\/2020\/09\/Serra-Serata-Com-o-2021.png","contentUrl":"https:\/\/web2.petropolis.rj.gov.br\/serra-serata\/wp-content\/uploads\/2020\/09\/Serra-Serata-Com-o-2021.png","width":3263,"height":2090},{"@type":"WebPage","@id":"https:\/\/web2.petropolis.rj.gov.br\/serra-serata\/#webpage","url":"https:\/\/web2.petropolis.rj.gov.br\/serra-serata\/","name":"Serra Serata 2024 - Italiani\u00a0Al\u00a0Mondo","isPartOf":{"@id":"https:\/\/web2.petropolis.rj.gov.br\/serra-serata\/#website"},"primaryImageOfPage":{"@id":"https:\/\/web2.petropolis.rj.gov.br\/serra-serata\/#primaryimage"},"datePublished":"2022-05-30T17:16:41+00:00","dateModified":"2024-09-02T15:16:03+00:00","description":"Serra Serata \u00e9 um festival da cultura italiana realizado anualmente na cidade de Petr\u00f3polis - RJ","breadcrumb":{"@id":"https:\/\/web2.petropolis.rj.gov.br\/serra-serata\/#breadcrumb"},"inLanguage":"pt-BR","potentialAction":[{"@type":"ReadAction","target":["https:\/\/web2.petropolis.rj.gov.br\/serra-serata\/"]}]},{"@type":"BreadcrumbList","@id":"https:\/\/web2.petropolis.rj.gov.br\/serra-serata\/#breadcrumb","itemListElement":[{"@type":"ListItem","position":1,"name":"In\u00edcio","item":"https:\/\/web2.petropolis.rj.gov.br\/serra-serata\/"},{"@type":"ListItem","position":2,"name":"Home Serra Serata"}]}]}},"_links":{"self":[{"href":"https:\/\/web2.petropolis.rj.gov.br\/serra-serata\/wp-json\/wp\/v2\/pages\/2992"}],"collection":[{"href":"https:\/\/web2.petropolis.rj.gov.br\/serra-serata\/wp-json\/wp\/v2\/pages"}],"about":[{"href":"https:\/\/web2.petropolis.rj.gov.br\/serra-serata\/wp-json\/wp\/v2\/types\/page"}],"author":[{"embeddable":true,"href":"https:\/\/web2.petropolis.rj.gov.br\/serra-serata\/wp-json\/wp\/v2\/users\/1"}],"replies":[{"embeddable":true,"href":"https:\/\/web2.petropolis.rj.gov.br\/serra-serata\/wp-json\/wp\/v2\/comments?post=2992"}],"version-history":[{"count":87,"href":"https:\/\/web2.petropolis.rj.gov.br\/serra-serata\/wp-json\/wp\/v2\/pages\/2992\/revisions"}],"predecessor-version":[{"id":3142,"href":"https:\/\/web2.petropolis.rj.gov.br\/serra-serata\/wp-json\/wp\/v2\/pages\/2992\/revisions\/3142"}],"wp:featuredmedia":[{"embeddable":true,"href":"https:\/\/web2.petropolis.rj.gov.br\/serra-serata\/wp-json\/wp\/v2\/media\/2455"}],"wp:attachment":[{"href":"https:\/\/web2.petropolis.rj.gov.br\/serra-serata\/wp-json\/wp\/v2\/media?parent=2992"}],"curies":[{"name":"wp","href":"https:\/\/api.w.org\/{rel}","templated":true}]}}