{"id":2468,"date":"2021-09-17T16:16:43","date_gmt":"2021-09-17T19:16:43","guid":{"rendered":"https:\/\/web2.petropolis.rj.gov.br\/serra-serata\/?page_id=2468"},"modified":"2021-09-17T16:19:59","modified_gmt":"2021-09-17T19:19:59","slug":"a-imigracao-italiana-em-petropolis-ihp","status":"publish","type":"page","link":"https:\/\/web2.petropolis.rj.gov.br\/serra-serata\/a-imigracao-italiana-em-petropolis-ihp\/","title":{"rendered":"A Imigra\u00e7\u00e3o Italiana em Petr\u00f3polis &#8211; IHP"},"content":{"rendered":"\t\t<div data-elementor-type=\"wp-page\" data-elementor-id=\"2468\" class=\"elementor elementor-2468\" data-elementor-settings=\"[]\">\n\t\t\t\t\t\t\t<div class=\"elementor-section-wrap\">\n\t\t\t\t\t\t\t<section class=\"elementor-section elementor-top-section elementor-element elementor-element-09dccc5 elementor-section-boxed elementor-section-height-default elementor-section-height-default row-top\" data-id=\"09dccc5\" data-element_type=\"section\">\n\t\t\t\t\t\t<div class=\"elementor-container elementor-column-gap-default\">\n\t\t\t\t\t<div class=\"elementor-column elementor-col-100 elementor-top-column elementor-element elementor-element-bacfcc6 column-style-top\" data-id=\"bacfcc6\" data-element_type=\"column\">\n\t\t\t<div class=\"elementor-widget-wrap elementor-element-populated\">\n\t\t\t\t\t\t\t\t<div class=\"elementor-element elementor-element-0febc57 elementor-widget elementor-widget-heading\" data-id=\"0febc57\" data-element_type=\"widget\" data-widget_type=\"heading.default\">\n\t\t\t\t<div class=\"elementor-widget-container\">\n\t\t\t<h2 class=\"elementor-heading-title elementor-size-default\">A Imigra\u00e7\u00e3o Italiana em Petr\u00f3polis<\/h2>\t\t<\/div>\n\t\t\t\t<\/div>\n\t\t\t\t\t<\/div>\n\t\t<\/div>\n\t\t\t\t\t\t\t<\/div>\n\t\t<\/section>\n\t\t\t\t<section class=\"elementor-section elementor-top-section elementor-element elementor-element-e8bd552 elementor-section-boxed elementor-section-height-default elementor-section-height-default row-top\" data-id=\"e8bd552\" data-element_type=\"section\">\n\t\t\t\t\t\t<div class=\"elementor-container elementor-column-gap-default\">\n\t\t\t\t\t<div class=\"elementor-column elementor-col-100 elementor-top-column elementor-element elementor-element-ac7cbdf column-style-top\" data-id=\"ac7cbdf\" data-element_type=\"column\">\n\t\t\t<div class=\"elementor-widget-wrap elementor-element-populated\">\n\t\t\t\t\t\t\t\t<div class=\"elementor-element elementor-element-daf8ab7 elementor-widget elementor-widget-text-editor\" data-id=\"daf8ab7\" data-element_type=\"widget\" data-widget_type=\"text-editor.default\">\n\t\t\t\t<div class=\"elementor-widget-container\">\n\t\t\t\t\t\t\t\t<p style=\"text-align: right;\">Enrico Carrano e Pedro Paulo Aiello Mesquita<\/p><p style=\"text-align: right;\">Associados Titulares do IHP<\/p>\t\t\t\t\t\t<\/div>\n\t\t\t\t<\/div>\n\t\t\t\t\t<\/div>\n\t\t<\/div>\n\t\t\t\t\t\t\t<\/div>\n\t\t<\/section>\n\t\t\t\t<section class=\"elementor-section elementor-top-section elementor-element elementor-element-f181825 elementor-section-boxed elementor-section-height-default elementor-section-height-default row-top\" data-id=\"f181825\" data-element_type=\"section\">\n\t\t\t\t\t\t<div class=\"elementor-container elementor-column-gap-default\">\n\t\t\t\t\t<div class=\"elementor-column elementor-col-100 elementor-top-column elementor-element elementor-element-f04381a column-style-top\" data-id=\"f04381a\" data-element_type=\"column\">\n\t\t\t<div class=\"elementor-widget-wrap elementor-element-populated\">\n\t\t\t\t\t\t\t\t<div class=\"elementor-element elementor-element-33bd806 elementor-widget elementor-widget-text-editor\" data-id=\"33bd806\" data-element_type=\"widget\" data-widget_type=\"text-editor.default\">\n\t\t\t\t<div class=\"elementor-widget-container\">\n\t\t\t\t\t\t\t\t<p>A imigra\u00e7\u00e3o italiana em Petr\u00f3polis aconteceu entre o final do S\u00e9culo XIX e o in\u00edcio do S\u00e9culo XX, e se concentrou, basicamente, em Cascatinha e no Alto da Serra; teve por objetivo fornecer m\u00e3o-de-obra oper\u00e1ria para as ind\u00fastrias t\u00eaxteis da \u00e9poca.<\/p><p>\u00a0\u00a0\u00a0\u00a0\u00a0\u00a0\u00a0\u00a0\u00a0\u00a0\u00a0 Em Cascatinha, sede da Companhia Petropolitana de Tecidos, que data de 1873, os italianos respondiam por cerca de 40% (quarenta por cento) da popula\u00e7\u00e3o local.<\/p><p>\u00a0\u00a0\u00a0\u00a0\u00a0\u00a0\u00a0\u00a0\u00a0\u00a0\u00a0 Em 1903, foi fundada, no Alto da Serra, a F\u00e1brica Cometa, que tamb\u00e9m, em larga medida, valeu-se do trabalho de italianos que, por n\u00e3o possu\u00edrem um lugar para resid\u00eancia, foram morar, muitos deles, na vila oper\u00e1ria de Cascatinha.<\/p><p>\u00a0\u00a0\u00a0\u00a0\u00a0\u00a0\u00a0\u00a0\u00a0\u00a0\u00a0 Desde a chegada ao Brasil, as condi\u00e7\u00f5es desses estrangeiros n\u00e3o eram favor\u00e1veis, at\u00e9 porque inexistiam leis trabalhistas que lhes assegurassem direitos.<\/p><p>\u00a0\u00a0\u00a0\u00a0\u00a0\u00a0\u00a0\u00a0\u00a0\u00a0\u00a0 Por isso, movidos por sentimentos de solidariedade \u00e9tnica, foi que os italianos criaram sociedades de m\u00fatuo socorro, que visavam manter a uni\u00e3o entre eles, ao mesmo tempo em que buscavam suprir as car\u00eancias que encontravam em uma Petr\u00f3polis em ritmo crescente de urbaniza\u00e7\u00e3o e industrializa\u00e7\u00e3o, com toda a dificuldade que esse processo traz para a vida da popula\u00e7\u00e3o.<\/p><p>\u00a0\u00a0\u00a0\u00a0\u00a0\u00a0\u00a0\u00a0\u00a0\u00a0\u00a0 Duas das quatro sociedades de italianos existentes em Petr\u00f3polis funcionavam em Cascatinha: a <em>Societ\u00e0 Operaria Italiana di Mutuo Soccorso di Cascatinha,<\/em> de 27 de outubro de 1902 e, tamb\u00e9m, a <em>Societ\u00e0 Italiana de Beneficenza Principe di Piemonte, di Cascatinha, Stato di Rio de Janeiro<\/em>, institu\u00edda em 06 de agosto de 1905.<\/p><p>\u00a0\u00a0\u00a0\u00a0\u00a0\u00a0\u00a0\u00a0\u00a0\u00a0\u00a0 Assim, a hist\u00f3ria de Petr\u00f3polis deve ser contada tanto \u00e0 luz da coloniza\u00e7\u00e3o germ\u00e2nica no 1\u00ba Distrito, quanto da imigra\u00e7\u00e3o italiana, oper\u00e1ria e prolet\u00e1ria.<\/p><p>\u00a0\u00a0\u00a0\u00a0\u00a0\u00a0\u00a0\u00a0\u00a0\u00a0\u00a0 \u00c9 preciso manter vivas as tradi\u00e7\u00f5es que nos foram legadas pelos italianos, e que podem ser constatadas at\u00e9 hoje em nosso cotidiano: a tradi\u00e7\u00e3o cat\u00f3lica, que muito enriqueceu de festas e devo\u00e7\u00e3o desses bairros italianos, os jogos de bocha, que at\u00e9 a bem pouco tempo era praticado na Pra\u00e7a de Cascatinha, e no ponto mais vis\u00edvel para a maioria das pessoas, que \u00e9 a gastronomia, com as tradicionais massas feitas com receitas caseiras que perpassam gera\u00e7\u00f5es.<\/p><p>Muitos s\u00e3o os exemplos da vida em sociedade tendo os italianos em destaque no cl\u00e1ssico livro <a href=\"https:\/\/web2.petropolis.rj.gov.br\/serra-serata\/os-primeiros-italianos-em-petropolis\/#livroitalianos\">\u201cOs Italianos em Petr\u00f3polis\u201d<\/a> de Jos\u00e9 de Cusatis, que traz em uma narrativa livre e de um interesse quase liter\u00e1rio, o legado de tantas fam\u00edlias italianas, seus valores individuais e tamb\u00e9m os \u201ccausos\u201d divertidos que animam o senso comum quando se fala da espontaneidade e da alegria dos italianos.\u00a0<\/p><p>\u00a0\u00a0\u00a0\u00a0\u00a0\u00a0\u00a0\u00a0\u00a0\u00a0\u00a0 Nesse quadro, a Serra Serata representa uma ocasi\u00e3o para rememorar a presen\u00e7a dos italianos em nossa Hist\u00f3ria, e trazer \u00e0 baila a import\u00e2ncia desse povo que tanto lutou no momento da consolida\u00e7\u00e3o urbana de nossa Cidade Imperial.<\/p><p>\u00a0<\/p><p>\u00a0<\/p><p>REFER\u00caNCIAS<\/p><p>\u00a0<\/p><p>MESQUITA, Pedro P. Aiello. A Forma\u00e7\u00e3o Industrial de Petr\u00f3polis. Curitiba: Editora Prismas. 2014<\/p><p>BATALHA, Cl\u00e1udio. A Forma\u00e7\u00e3o da Classe Oper\u00e1ria: um fen\u00f4meno econ\u00f4mico. In: O Brasil Republicano. S\u00e3o Paulo: Difel, 2002<\/p><p>CAMPINHO, In\u00eas. Bairro que nasceu em torno da f\u00e1brica vive das lembran\u00e7as da Companhia Petropolitana. Folha de Petr\u00f3polis. 1995<\/p><p>COMPANHIA PETROPOLITANA. Hist\u00f3ria da Companhia Petropolitana Relat\u00f3rios da Diretoria<\/p><p>CUSATIS. Jos\u00e9. Os Italianos em Petr\u00f3polis. Petr\u00f3polis. Edi\u00e7\u00e3o da C\u00e2mara Municipal. 1993<\/p>\t\t\t\t\t\t<\/div>\n\t\t\t\t<\/div>\n\t\t\t\t\t<\/div>\n\t\t<\/div>\n\t\t\t\t\t\t\t<\/div>\n\t\t<\/section>\n\t\t\t\t\t\t<\/div>\n\t\t\t\t\t<\/div>\n\t\t","protected":false},"excerpt":{"rendered":"<p>A Imigra\u00e7\u00e3o Italiana em Petr\u00f3polis Enrico Carrano e Pedro Paulo Aiello Mesquita Associados Titulares do IHP A imigra\u00e7\u00e3o italiana em Petr\u00f3polis aconteceu entre o final do S\u00e9culo XIX e o [&hellip;]<\/p>\n","protected":false},"author":1,"featured_media":0,"parent":0,"menu_order":0,"comment_status":"closed","ping_status":"closed","template":"","meta":[],"yoast_head":"<!-- This site is optimized with the Yoast SEO plugin v16.8 - https:\/\/yoast.com\/wordpress\/plugins\/seo\/ -->\n<title>A Imigra\u00e7\u00e3o Italiana em Petr\u00f3polis - IHP - Serra Serata<\/title>\n<meta name=\"robots\" content=\"index, nofollow, max-snippet:-1, max-image-preview:large, max-video-preview:-1\" \/>\n<link rel=\"canonical\" href=\"https:\/\/web2.petropolis.rj.gov.br\/serra-serata\/a-imigracao-italiana-em-petropolis-ihp\/\" \/>\n<meta property=\"og:locale\" content=\"pt_BR\" \/>\n<meta property=\"og:type\" content=\"article\" \/>\n<meta property=\"og:title\" content=\"A Imigra\u00e7\u00e3o Italiana em Petr\u00f3polis - IHP - Serra Serata\" \/>\n<meta property=\"og:description\" content=\"A Imigra\u00e7\u00e3o Italiana em Petr\u00f3polis Enrico Carrano e Pedro Paulo Aiello Mesquita Associados Titulares do IHP A imigra\u00e7\u00e3o italiana em Petr\u00f3polis aconteceu entre o final do S\u00e9culo XIX e o [&hellip;]\" \/>\n<meta property=\"og:url\" content=\"https:\/\/web2.petropolis.rj.gov.br\/serra-serata\/a-imigracao-italiana-em-petropolis-ihp\/\" \/>\n<meta property=\"og:site_name\" content=\"Serra Serata\" \/>\n<meta property=\"article:modified_time\" content=\"2021-09-17T19:19:59+00:00\" \/>\n<meta name=\"twitter:card\" content=\"summary_large_image\" \/>\n<meta name=\"twitter:label1\" content=\"Est. tempo de leitura\" \/>\n\t<meta name=\"twitter:data1\" content=\"3 minutos\" \/>\n<script type=\"application\/ld+json\" class=\"yoast-schema-graph\">{\"@context\":\"https:\/\/schema.org\",\"@graph\":[{\"@type\":\"WebSite\",\"@id\":\"https:\/\/web2.petropolis.rj.gov.br\/serra-serata\/#website\",\"url\":\"https:\/\/web2.petropolis.rj.gov.br\/serra-serata\/\",\"name\":\"Serra Serata\",\"description\":\"2024\",\"potentialAction\":[{\"@type\":\"SearchAction\",\"target\":{\"@type\":\"EntryPoint\",\"urlTemplate\":\"https:\/\/web2.petropolis.rj.gov.br\/serra-serata\/?s={search_term_string}\"},\"query-input\":\"required name=search_term_string\"}],\"inLanguage\":\"pt-BR\"},{\"@type\":\"WebPage\",\"@id\":\"https:\/\/web2.petropolis.rj.gov.br\/serra-serata\/a-imigracao-italiana-em-petropolis-ihp\/#webpage\",\"url\":\"https:\/\/web2.petropolis.rj.gov.br\/serra-serata\/a-imigracao-italiana-em-petropolis-ihp\/\",\"name\":\"A Imigra\\u00e7\\u00e3o Italiana em Petr\\u00f3polis - IHP - Serra Serata\",\"isPartOf\":{\"@id\":\"https:\/\/web2.petropolis.rj.gov.br\/serra-serata\/#website\"},\"datePublished\":\"2021-09-17T19:16:43+00:00\",\"dateModified\":\"2021-09-17T19:19:59+00:00\",\"breadcrumb\":{\"@id\":\"https:\/\/web2.petropolis.rj.gov.br\/serra-serata\/a-imigracao-italiana-em-petropolis-ihp\/#breadcrumb\"},\"inLanguage\":\"pt-BR\",\"potentialAction\":[{\"@type\":\"ReadAction\",\"target\":[\"https:\/\/web2.petropolis.rj.gov.br\/serra-serata\/a-imigracao-italiana-em-petropolis-ihp\/\"]}]},{\"@type\":\"BreadcrumbList\",\"@id\":\"https:\/\/web2.petropolis.rj.gov.br\/serra-serata\/a-imigracao-italiana-em-petropolis-ihp\/#breadcrumb\",\"itemListElement\":[{\"@type\":\"ListItem\",\"position\":1,\"name\":\"In\\u00edcio\",\"item\":\"https:\/\/web2.petropolis.rj.gov.br\/serra-serata\/\"},{\"@type\":\"ListItem\",\"position\":2,\"name\":\"A Imigra\\u00e7\\u00e3o Italiana em Petr\\u00f3polis &#8211; IHP\"}]}]}<\/script>\n<!-- \/ Yoast SEO plugin. -->","yoast_head_json":{"title":"A Imigra\u00e7\u00e3o Italiana em Petr\u00f3polis - IHP - Serra Serata","robots":{"index":"index","follow":"nofollow","max-snippet":"max-snippet:-1","max-image-preview":"max-image-preview:large","max-video-preview":"max-video-preview:-1"},"canonical":"https:\/\/web2.petropolis.rj.gov.br\/serra-serata\/a-imigracao-italiana-em-petropolis-ihp\/","og_locale":"pt_BR","og_type":"article","og_title":"A Imigra\u00e7\u00e3o Italiana em Petr\u00f3polis - IHP - Serra Serata","og_description":"A Imigra\u00e7\u00e3o Italiana em Petr\u00f3polis Enrico Carrano e Pedro Paulo Aiello Mesquita Associados Titulares do IHP A imigra\u00e7\u00e3o italiana em Petr\u00f3polis aconteceu entre o final do S\u00e9culo XIX e o [&hellip;]","og_url":"https:\/\/web2.petropolis.rj.gov.br\/serra-serata\/a-imigracao-italiana-em-petropolis-ihp\/","og_site_name":"Serra Serata","article_modified_time":"2021-09-17T19:19:59+00:00","twitter_card":"summary_large_image","twitter_misc":{"Est. tempo de leitura":"3 minutos"},"schema":{"@context":"https:\/\/schema.org","@graph":[{"@type":"WebSite","@id":"https:\/\/web2.petropolis.rj.gov.br\/serra-serata\/#website","url":"https:\/\/web2.petropolis.rj.gov.br\/serra-serata\/","name":"Serra Serata","description":"2024","potentialAction":[{"@type":"SearchAction","target":{"@type":"EntryPoint","urlTemplate":"https:\/\/web2.petropolis.rj.gov.br\/serra-serata\/?s={search_term_string}"},"query-input":"required name=search_term_string"}],"inLanguage":"pt-BR"},{"@type":"WebPage","@id":"https:\/\/web2.petropolis.rj.gov.br\/serra-serata\/a-imigracao-italiana-em-petropolis-ihp\/#webpage","url":"https:\/\/web2.petropolis.rj.gov.br\/serra-serata\/a-imigracao-italiana-em-petropolis-ihp\/","name":"A Imigra\u00e7\u00e3o Italiana em Petr\u00f3polis - IHP - Serra Serata","isPartOf":{"@id":"https:\/\/web2.petropolis.rj.gov.br\/serra-serata\/#website"},"datePublished":"2021-09-17T19:16:43+00:00","dateModified":"2021-09-17T19:19:59+00:00","breadcrumb":{"@id":"https:\/\/web2.petropolis.rj.gov.br\/serra-serata\/a-imigracao-italiana-em-petropolis-ihp\/#breadcrumb"},"inLanguage":"pt-BR","potentialAction":[{"@type":"ReadAction","target":["https:\/\/web2.petropolis.rj.gov.br\/serra-serata\/a-imigracao-italiana-em-petropolis-ihp\/"]}]},{"@type":"BreadcrumbList","@id":"https:\/\/web2.petropolis.rj.gov.br\/serra-serata\/a-imigracao-italiana-em-petropolis-ihp\/#breadcrumb","itemListElement":[{"@type":"ListItem","position":1,"name":"In\u00edcio","item":"https:\/\/web2.petropolis.rj.gov.br\/serra-serata\/"},{"@type":"ListItem","position":2,"name":"A Imigra\u00e7\u00e3o Italiana em Petr\u00f3polis &#8211; IHP"}]}]}},"_links":{"self":[{"href":"https:\/\/web2.petropolis.rj.gov.br\/serra-serata\/wp-json\/wp\/v2\/pages\/2468"}],"collection":[{"href":"https:\/\/web2.petropolis.rj.gov.br\/serra-serata\/wp-json\/wp\/v2\/pages"}],"about":[{"href":"https:\/\/web2.petropolis.rj.gov.br\/serra-serata\/wp-json\/wp\/v2\/types\/page"}],"author":[{"embeddable":true,"href":"https:\/\/web2.petropolis.rj.gov.br\/serra-serata\/wp-json\/wp\/v2\/users\/1"}],"replies":[{"embeddable":true,"href":"https:\/\/web2.petropolis.rj.gov.br\/serra-serata\/wp-json\/wp\/v2\/comments?post=2468"}],"version-history":[{"count":5,"href":"https:\/\/web2.petropolis.rj.gov.br\/serra-serata\/wp-json\/wp\/v2\/pages\/2468\/revisions"}],"predecessor-version":[{"id":2473,"href":"https:\/\/web2.petropolis.rj.gov.br\/serra-serata\/wp-json\/wp\/v2\/pages\/2468\/revisions\/2473"}],"wp:attachment":[{"href":"https:\/\/web2.petropolis.rj.gov.br\/serra-serata\/wp-json\/wp\/v2\/media?parent=2468"}],"curies":[{"name":"wp","href":"https:\/\/api.w.org\/{rel}","templated":true}]}}