{"id":1834,"date":"2021-06-10T11:15:38","date_gmt":"2021-06-10T14:15:38","guid":{"rendered":"http:\/\/localhost\/bauer\/?page_id=1834"},"modified":"2022-09-14T15:10:48","modified_gmt":"2022-09-14T18:10:48","slug":"a-festa","status":"publish","type":"page","link":"https:\/\/web2.petropolis.rj.gov.br\/serra-serata\/a-festa\/","title":{"rendered":"A Festa"},"content":{"rendered":"\t\t<div data-elementor-type=\"wp-page\" data-elementor-id=\"1834\" class=\"elementor elementor-1834\" data-elementor-settings=\"[]\">\n\t\t\t\t\t\t\t<div class=\"elementor-section-wrap\">\n\t\t\t\t\t\t\t<section class=\"elementor-section elementor-top-section elementor-element elementor-element-e715d70 elementor-section-boxed elementor-section-height-default elementor-section-height-default row-top\" data-id=\"e715d70\" data-element_type=\"section\">\n\t\t\t\t\t\t<div class=\"elementor-container elementor-column-gap-default\">\n\t\t\t\t\t<div class=\"elementor-column elementor-col-100 elementor-top-column elementor-element elementor-element-161dd64 column-style-top\" data-id=\"161dd64\" data-element_type=\"column\">\n\t\t\t<div class=\"elementor-widget-wrap elementor-element-populated\">\n\t\t\t\t\t\t\t\t<div class=\"elementor-element elementor-element-c060026 elementor-widget elementor-widget-text-editor\" data-id=\"c060026\" data-element_type=\"widget\" data-widget_type=\"text-editor.default\">\n\t\t\t\t<div class=\"elementor-widget-container\">\n\t\t\t\t\t\t\t\t<p>As comemora\u00e7\u00f5es para homenagear a imigra\u00e7\u00e3o italiana em Petr\u00f3polis eram feitas, j\u00e1 no in\u00edcio do s\u00e9culo 20 por ocasi\u00e3o da comemora\u00e7\u00e3o do Dia da It\u00e1lia em 21 de fevereiro, devido \u00e0 chegada, no Porto de Vit\u00f3ria, Esp\u00edrito Santo, em 1874, do veleiro La Sofia trazendo diversas fam\u00edlias da regi\u00e3o de Trento, It\u00e1lia, para trabalharem nas lavouras cafeeiras. A chamada Expedi\u00e7\u00e3o de Pietro Tabacchi, fazendeiro italiano j\u00e1 radicado no Brasil, que trouxe esses imigrantes, foi o primeiro registro de chegada em massa ao Brasil, legitimada pelo governo, de imigrantes italianos.\u00a0 O dia foi escolhido e tornado oficial pela Lei n\u00b0 11.687\/2008, o \u201cDia Nacional do Imigrante Italiano\u201d a ser comemorado em todo territ\u00f3rio nacional. Como a data da chegada da Expedi\u00e7\u00e3o vai de encontro a datas pr\u00f3ximas de chegadas de imigrantes em outros estados, como no Rio Grande do Sul, e cada um queria privilegiar a sua data, para evitar desencontros, em Petr\u00f3polis os italianos s\u00e3o homenageados em setembro, quando \u00e9 celebrado o Dia de San Gennaro, 19 de setembro, um dos santos mais cultuados pelos italianos.<\/p>\t\t\t\t\t\t<\/div>\n\t\t\t\t<\/div>\n\t\t\t\t\t<\/div>\n\t\t<\/div>\n\t\t\t\t\t\t\t<\/div>\n\t\t<\/section>\n\t\t\t\t<section class=\"elementor-section elementor-top-section elementor-element elementor-element-8675e52 elementor-section-boxed elementor-section-height-default elementor-section-height-default row-top\" data-id=\"8675e52\" data-element_type=\"section\">\n\t\t\t\t\t\t<div class=\"elementor-container elementor-column-gap-default\">\n\t\t\t\t\t<div class=\"elementor-column elementor-col-100 elementor-top-column elementor-element elementor-element-3ad8585 column-style-top\" data-id=\"3ad8585\" data-element_type=\"column\">\n\t\t\t<div class=\"elementor-widget-wrap elementor-element-populated\">\n\t\t\t\t\t\t\t\t<div class=\"elementor-element elementor-element-2f611fb elementor-widget elementor-widget-text-editor\" data-id=\"2f611fb\" data-element_type=\"widget\" data-widget_type=\"text-editor.default\">\n\t\t\t\t<div class=\"elementor-widget-container\">\n\t\t\t\t\t\t\t\t<p>A import\u00e2ncia da imigra\u00e7\u00e3o italiana em Petr\u00f3polis sempre foi celebrada, ainda mais a partir de dos anos 90, com a cria\u00e7\u00e3o de festas promovidas em conjunto pelo poder p\u00fablico, entidades p\u00fablicas e particulares. Estas festas receberam v\u00e1rias denomina\u00e7\u00f5es e locais de realiza\u00e7\u00e3o tamb\u00e9m diferentes, desde Festa D\u2019Italia, Festa da It\u00e1lia e mais recentemente Serra Serata. Foi realizada sob o nome Festa d\u2019Italia, em 1993, incentivada pelo professor e autor de livros sobre os italianos em Petr\u00f3polis Jos\u00e9 De Cusatis, no Pal\u00e1cio de Cristal, seu local da estreia. Foram feitas festas tamb\u00e9m na Companhia Petropolitana de Tecidos, em Cascatinha e na Pra\u00e7a da Liberdade, no Centro Hist\u00f3rico em anos subsequentes. Mais recentemente, desde de 2010, j\u00e1 com o nome de Serra Serata a festa alternou-se entre o Pal\u00e1cio de Cristal e a Pra\u00e7a da Liberdade, fixando-se desde 2017 no Pal\u00e1cio de Cristal. A partir de 2013, a Serra Serata \u2013 Festa Italiana de Petr\u00f3polis, de volta ao Pal\u00e1cio de Cristal, assumiu outro formato, com novas atra\u00e7\u00f5es e atividades que enaltecessem a hist\u00f3ria, a cultura e os valores da imigra\u00e7\u00e3o italiana em Petr\u00f3polis, homenageando italianos e seus descendentes. Assim sendo, a festa passou a ter maior capacidade de atrair mais visitantes, turistas, de gerar trabalho e renda no munic\u00edpio. Em 2020 a festa n\u00e3o foi realizada devido \u00e0 pandemia de COVID-16 e em 2021, foi realizada de maneira h\u00edbrida, com festival gastron\u00f4mico em restaurantes e delivery de produtos gastron\u00f4micos com tradi\u00e7\u00e3o italiana, com todas as precau\u00e7\u00f5es de higiene exigidas. Foram homenageados os arquitetos italianos que tiveram grande influ\u00eancia na arquitetura da cidade, construindo pr\u00e9dios que nos deixaram suas marcas de talento e criatividade em nossa heran\u00e7a cultural.<\/p><p>\u00a0<\/p><p>A Serra Serata 2022 \u2013 La Vita \u00e8 Bella! al\u00e9m da gastronomia, um dos pontos altos da festa, com as tradicionais \u201cpastas\u201d e demais delicias da culin\u00e1ria italiana, dos souvenirs, bebidas e artesanatos ter\u00e1 mais de 40 atra\u00e7\u00f5es durante os oito dias de festa, divididos em dois fins de semana.<\/p><p>O evento \u00e9 uma realiza\u00e7\u00e3o da Secretaria de Turismo de Petr\u00f3polis -TURISPETRO, Casa D\u00b4Italia Anita Garibaldi de Petr\u00f3polis e o IMC- Instituto Municipal de Cultura.<\/p>\t\t\t\t\t\t<\/div>\n\t\t\t\t<\/div>\n\t\t\t\t\t<\/div>\n\t\t<\/div>\n\t\t\t\t\t\t\t<\/div>\n\t\t<\/section>\n\t\t\t\t\t\t<\/div>\n\t\t\t\t\t<\/div>\n\t\t","protected":false},"excerpt":{"rendered":"<p>As comemora\u00e7\u00f5es para homenagear a imigra\u00e7\u00e3o italiana em Petr\u00f3polis eram feitas, j\u00e1 no in\u00edcio do s\u00e9culo 20 por ocasi\u00e3o da comemora\u00e7\u00e3o do Dia da It\u00e1lia em 21 de fevereiro, devido [&hellip;]<\/p>\n","protected":false},"author":1,"featured_media":0,"parent":0,"menu_order":0,"comment_status":"closed","ping_status":"closed","template":"","meta":[],"yoast_head":"<!-- This site is optimized with the Yoast SEO plugin v16.8 - https:\/\/yoast.com\/wordpress\/plugins\/seo\/ -->\n<title>A Festa - Serra Serata<\/title>\n<meta name=\"robots\" content=\"index, follow, max-snippet:-1, max-image-preview:large, max-video-preview:-1\" \/>\n<link rel=\"canonical\" href=\"https:\/\/web2.petropolis.rj.gov.br\/serra-serata\/a-festa\/\" \/>\n<meta property=\"og:locale\" content=\"pt_BR\" \/>\n<meta property=\"og:type\" content=\"article\" \/>\n<meta property=\"og:title\" content=\"A Festa - Serra Serata\" \/>\n<meta property=\"og:description\" content=\"As comemora\u00e7\u00f5es para homenagear a imigra\u00e7\u00e3o italiana em Petr\u00f3polis eram feitas, j\u00e1 no in\u00edcio do s\u00e9culo 20 por ocasi\u00e3o da comemora\u00e7\u00e3o do Dia da It\u00e1lia em 21 de fevereiro, devido [&hellip;]\" \/>\n<meta property=\"og:url\" content=\"https:\/\/web2.petropolis.rj.gov.br\/serra-serata\/a-festa\/\" \/>\n<meta property=\"og:site_name\" content=\"Serra Serata\" \/>\n<meta property=\"article:modified_time\" content=\"2022-09-14T18:10:48+00:00\" \/>\n<meta name=\"twitter:card\" content=\"summary_large_image\" \/>\n<meta name=\"twitter:label1\" content=\"Est. tempo de leitura\" \/>\n\t<meta name=\"twitter:data1\" content=\"3 minutos\" \/>\n<script type=\"application\/ld+json\" class=\"yoast-schema-graph\">{\"@context\":\"https:\/\/schema.org\",\"@graph\":[{\"@type\":\"WebSite\",\"@id\":\"https:\/\/web2.petropolis.rj.gov.br\/serra-serata\/#website\",\"url\":\"https:\/\/web2.petropolis.rj.gov.br\/serra-serata\/\",\"name\":\"Serra Serata\",\"description\":\"2024\",\"potentialAction\":[{\"@type\":\"SearchAction\",\"target\":{\"@type\":\"EntryPoint\",\"urlTemplate\":\"https:\/\/web2.petropolis.rj.gov.br\/serra-serata\/?s={search_term_string}\"},\"query-input\":\"required name=search_term_string\"}],\"inLanguage\":\"pt-BR\"},{\"@type\":\"WebPage\",\"@id\":\"https:\/\/web2.petropolis.rj.gov.br\/serra-serata\/a-festa\/#webpage\",\"url\":\"https:\/\/web2.petropolis.rj.gov.br\/serra-serata\/a-festa\/\",\"name\":\"A Festa - Serra Serata\",\"isPartOf\":{\"@id\":\"https:\/\/web2.petropolis.rj.gov.br\/serra-serata\/#website\"},\"datePublished\":\"2021-06-10T14:15:38+00:00\",\"dateModified\":\"2022-09-14T18:10:48+00:00\",\"breadcrumb\":{\"@id\":\"https:\/\/web2.petropolis.rj.gov.br\/serra-serata\/a-festa\/#breadcrumb\"},\"inLanguage\":\"pt-BR\",\"potentialAction\":[{\"@type\":\"ReadAction\",\"target\":[\"https:\/\/web2.petropolis.rj.gov.br\/serra-serata\/a-festa\/\"]}]},{\"@type\":\"BreadcrumbList\",\"@id\":\"https:\/\/web2.petropolis.rj.gov.br\/serra-serata\/a-festa\/#breadcrumb\",\"itemListElement\":[{\"@type\":\"ListItem\",\"position\":1,\"name\":\"In\\u00edcio\",\"item\":\"https:\/\/web2.petropolis.rj.gov.br\/serra-serata\/\"},{\"@type\":\"ListItem\",\"position\":2,\"name\":\"A Festa\"}]}]}<\/script>\n<!-- \/ Yoast SEO plugin. -->","yoast_head_json":{"title":"A Festa - Serra Serata","robots":{"index":"index","follow":"follow","max-snippet":"max-snippet:-1","max-image-preview":"max-image-preview:large","max-video-preview":"max-video-preview:-1"},"canonical":"https:\/\/web2.petropolis.rj.gov.br\/serra-serata\/a-festa\/","og_locale":"pt_BR","og_type":"article","og_title":"A Festa - Serra Serata","og_description":"As comemora\u00e7\u00f5es para homenagear a imigra\u00e7\u00e3o italiana em Petr\u00f3polis eram feitas, j\u00e1 no in\u00edcio do s\u00e9culo 20 por ocasi\u00e3o da comemora\u00e7\u00e3o do Dia da It\u00e1lia em 21 de fevereiro, devido [&hellip;]","og_url":"https:\/\/web2.petropolis.rj.gov.br\/serra-serata\/a-festa\/","og_site_name":"Serra Serata","article_modified_time":"2022-09-14T18:10:48+00:00","twitter_card":"summary_large_image","twitter_misc":{"Est. tempo de leitura":"3 minutos"},"schema":{"@context":"https:\/\/schema.org","@graph":[{"@type":"WebSite","@id":"https:\/\/web2.petropolis.rj.gov.br\/serra-serata\/#website","url":"https:\/\/web2.petropolis.rj.gov.br\/serra-serata\/","name":"Serra Serata","description":"2024","potentialAction":[{"@type":"SearchAction","target":{"@type":"EntryPoint","urlTemplate":"https:\/\/web2.petropolis.rj.gov.br\/serra-serata\/?s={search_term_string}"},"query-input":"required name=search_term_string"}],"inLanguage":"pt-BR"},{"@type":"WebPage","@id":"https:\/\/web2.petropolis.rj.gov.br\/serra-serata\/a-festa\/#webpage","url":"https:\/\/web2.petropolis.rj.gov.br\/serra-serata\/a-festa\/","name":"A Festa - Serra Serata","isPartOf":{"@id":"https:\/\/web2.petropolis.rj.gov.br\/serra-serata\/#website"},"datePublished":"2021-06-10T14:15:38+00:00","dateModified":"2022-09-14T18:10:48+00:00","breadcrumb":{"@id":"https:\/\/web2.petropolis.rj.gov.br\/serra-serata\/a-festa\/#breadcrumb"},"inLanguage":"pt-BR","potentialAction":[{"@type":"ReadAction","target":["https:\/\/web2.petropolis.rj.gov.br\/serra-serata\/a-festa\/"]}]},{"@type":"BreadcrumbList","@id":"https:\/\/web2.petropolis.rj.gov.br\/serra-serata\/a-festa\/#breadcrumb","itemListElement":[{"@type":"ListItem","position":1,"name":"In\u00edcio","item":"https:\/\/web2.petropolis.rj.gov.br\/serra-serata\/"},{"@type":"ListItem","position":2,"name":"A Festa"}]}]}},"_links":{"self":[{"href":"https:\/\/web2.petropolis.rj.gov.br\/serra-serata\/wp-json\/wp\/v2\/pages\/1834"}],"collection":[{"href":"https:\/\/web2.petropolis.rj.gov.br\/serra-serata\/wp-json\/wp\/v2\/pages"}],"about":[{"href":"https:\/\/web2.petropolis.rj.gov.br\/serra-serata\/wp-json\/wp\/v2\/types\/page"}],"author":[{"embeddable":true,"href":"https:\/\/web2.petropolis.rj.gov.br\/serra-serata\/wp-json\/wp\/v2\/users\/1"}],"replies":[{"embeddable":true,"href":"https:\/\/web2.petropolis.rj.gov.br\/serra-serata\/wp-json\/wp\/v2\/comments?post=1834"}],"version-history":[{"count":41,"href":"https:\/\/web2.petropolis.rj.gov.br\/serra-serata\/wp-json\/wp\/v2\/pages\/1834\/revisions"}],"predecessor-version":[{"id":3070,"href":"https:\/\/web2.petropolis.rj.gov.br\/serra-serata\/wp-json\/wp\/v2\/pages\/1834\/revisions\/3070"}],"wp:attachment":[{"href":"https:\/\/web2.petropolis.rj.gov.br\/serra-serata\/wp-json\/wp\/v2\/media?parent=1834"}],"curies":[{"name":"wp","href":"https:\/\/api.w.org\/{rel}","templated":true}]}}