{"id":1742,"date":"2021-06-07T16:18:02","date_gmt":"2021-06-07T19:18:02","guid":{"rendered":"http:\/\/localhost\/bauer\/?page_id=1742"},"modified":"2022-08-29T12:12:26","modified_gmt":"2022-08-29T15:12:26","slug":"fundacao-da-casa-ditalia-anita-garibaldi-petropolis","status":"publish","type":"page","link":"https:\/\/web2.petropolis.rj.gov.br\/serra-serata\/fundacao-da-casa-ditalia-anita-garibaldi-petropolis\/","title":{"rendered":"Funda\u00e7\u00e3o da Casa d&#8217;Italia Anita Garibaldi Petr\u00f3polis"},"content":{"rendered":"\t\t<div data-elementor-type=\"wp-page\" data-elementor-id=\"1742\" class=\"elementor elementor-1742\" data-elementor-settings=\"[]\">\n\t\t\t\t\t\t\t<div class=\"elementor-section-wrap\">\n\t\t\t\t\t\t\t<section class=\"elementor-section elementor-top-section elementor-element elementor-element-09dccc5 elementor-section-boxed elementor-section-height-default elementor-section-height-default row-top\" data-id=\"09dccc5\" data-element_type=\"section\">\n\t\t\t\t\t\t<div class=\"elementor-container elementor-column-gap-default\">\n\t\t\t\t\t<div class=\"elementor-column elementor-col-100 elementor-top-column elementor-element elementor-element-bacfcc6 column-style-top\" data-id=\"bacfcc6\" data-element_type=\"column\">\n\t\t\t<div class=\"elementor-widget-wrap elementor-element-populated\">\n\t\t\t\t\t\t\t\t<div class=\"elementor-element elementor-element-0febc57 elementor-widget elementor-widget-heading\" data-id=\"0febc57\" data-element_type=\"widget\" data-widget_type=\"heading.default\">\n\t\t\t\t<div class=\"elementor-widget-container\">\n\t\t\t<h2 class=\"elementor-heading-title elementor-size-default\">Funda\u00e7\u00e3o da Casa d'Italia Anita Garibaldi Petr\u00f3polis<\/h2>\t\t<\/div>\n\t\t\t\t<\/div>\n\t\t\t\t\t<\/div>\n\t\t<\/div>\n\t\t\t\t\t\t\t<\/div>\n\t\t<\/section>\n\t\t\t\t<section class=\"elementor-section elementor-top-section elementor-element elementor-element-e8bd552 elementor-section-boxed elementor-section-height-default elementor-section-height-default row-top\" data-id=\"e8bd552\" data-element_type=\"section\">\n\t\t\t\t\t\t<div class=\"elementor-container elementor-column-gap-default\">\n\t\t\t\t\t<div class=\"elementor-column elementor-col-100 elementor-top-column elementor-element elementor-element-ac7cbdf column-style-top\" data-id=\"ac7cbdf\" data-element_type=\"column\">\n\t\t\t<div class=\"elementor-widget-wrap elementor-element-populated\">\n\t\t\t\t\t\t\t\t<div class=\"elementor-element elementor-element-4559ec0 elementor-widget elementor-widget-image\" data-id=\"4559ec0\" data-element_type=\"widget\" data-widget_type=\"image.default\">\n\t\t\t\t<div class=\"elementor-widget-container\">\n\t\t\t\t\t\t\t\t\t\t\t\t\t\t\t<img width=\"180\" height=\"180\" src=\"https:\/\/web2.petropolis.rj.gov.br\/serra-serata\/wp-content\/uploads\/2022\/08\/casa-d-italia-11-180x180.png\" class=\"attachment-thumbnail size-thumbnail\" alt=\"\" loading=\"lazy\" srcset=\"https:\/\/web2.petropolis.rj.gov.br\/serra-serata\/wp-content\/uploads\/2022\/08\/casa-d-italia-11-180x180.png 180w, https:\/\/web2.petropolis.rj.gov.br\/serra-serata\/wp-content\/uploads\/2022\/08\/casa-d-italia-11-600x600.png 600w, https:\/\/web2.petropolis.rj.gov.br\/serra-serata\/wp-content\/uploads\/2022\/08\/casa-d-italia-11-1024x1024.png 1024w, https:\/\/web2.petropolis.rj.gov.br\/serra-serata\/wp-content\/uploads\/2022\/08\/casa-d-italia-11-768x768.png 768w, https:\/\/web2.petropolis.rj.gov.br\/serra-serata\/wp-content\/uploads\/2022\/08\/casa-d-italia-11.png 1080w\" sizes=\"(max-width: 180px) 100vw, 180px\" \/>\t\t\t\t\t\t\t\t\t\t\t\t\t\t\t<\/div>\n\t\t\t\t<\/div>\n\t\t\t\t\t<\/div>\n\t\t<\/div>\n\t\t\t\t\t\t\t<\/div>\n\t\t<\/section>\n\t\t\t\t<section class=\"elementor-section elementor-top-section elementor-element elementor-element-f181825 elementor-section-boxed elementor-section-height-default elementor-section-height-default row-top\" data-id=\"f181825\" data-element_type=\"section\">\n\t\t\t\t\t\t<div class=\"elementor-container elementor-column-gap-default\">\n\t\t\t\t\t<div class=\"elementor-column elementor-col-100 elementor-top-column elementor-element elementor-element-f04381a column-style-top\" data-id=\"f04381a\" data-element_type=\"column\">\n\t\t\t<div class=\"elementor-widget-wrap elementor-element-populated\">\n\t\t\t\t\t\t\t\t<div class=\"elementor-element elementor-element-33bd806 elementor-widget elementor-widget-text-editor\" data-id=\"33bd806\" data-element_type=\"widget\" data-widget_type=\"text-editor.default\">\n\t\t\t\t<div class=\"elementor-widget-container\">\n\t\t\t\t\t\t\t\t<p>Entre os dias 24 e 28 de setembro de 1983 aconteceu em Petr\u00f3polis a Primeira Semana da Contribui\u00e7\u00e3o Cultural Estrangeira \u2013 Stand da It\u00e1lia, organizada pelas senhoras Antonieta d`Angelo Mesquita, Anna Maria Nardi e Maria Antonieta d`Angelo. A participa\u00e7\u00e3o foi promovida\u00a0 pelo Instituto Hist\u00f3rico de Petr\u00f3polis (IHP), na Casa Claudio de Souza, situada na Pra\u00e7a Rui Barbosa, 247, no Centro de Petr\u00f3polis, onde v\u00e1rias fam\u00edlias ilustres, c\u00f4negos, autoridades petropolitanas e militares se fizeram presentes, perfazendo 180 pessoas.<\/p><p>Logo depois, foi realizada a primeira Noite d`It\u00e1lia, ocorrida em 28 de setembro de 1983, ainda dentro da programa\u00e7\u00e3o acima, nas depend\u00eancias da cantina na Rua Washington Luiz, 466, no Centro.<\/p><p>Ap\u00f3s estas festividades, ocorreu a reuni\u00e3o preliminar para a funda\u00e7\u00e3o da Sociedade Italiana de Petr\u00f3polis, em 21 de outubro de 1983, na cantina Rua Washington Luiz, 466, Centro, \u00a0convocada pelas Senhoras Anna Maria Nardi e Antonieta d`Angelo Mesquita.<\/p><p>Em 09 de julho de 1984 aconteceu a festa de denominada &#8220;Notte Italiana&#8221;, nas depend\u00eancias do Petropolitano Foot-Ball Club, na Rua Roberto Silveira, 82, Centro.\u00a0 O comit\u00ea de organiza\u00e7\u00e3o foi presidido pelo Correspondente Consular Sr. Filipo Albesano, por sua esposa Am\u00e9lia Albesano, al\u00e9m de Antonieta d`Angelo Mesquita, Anna Maria Nardi, Geraldo Ventura Dias, Mirella Zennaro, Breno de Nardi, Pierina Mascherpa e Carminha Falconi.\u00a0 Na festividade compareceram\u00a0 o Ilm\u00ba. Sr. C\u00f4nsul-Geral da It\u00e1lia Paolo Bruni e sua esposa Anna Maria, como tamb\u00e9m diversas autoridades e convidados, entre italianos e suas respectivas fam\u00edlias, perfazendo um total de 485 pessoas. Nessa festividade, o cantor Jerry Adriani fez a alegria dos italianos com um repert\u00f3rio escolhidos pelos organizadores. No evento, um card\u00e1pio veramente Italiano para o deleite de todos, regado a vinhos de proced\u00eancia italiana.<\/p><p>Em 04 de dezembro de 1984 aconteceu a reuni\u00e3o de confraterniza\u00e7\u00e3o de fim de ano no Centro de Cultura \u2013 Centro Alceu de Amoroso Lima, situado na Pra\u00e7a Visconde de Mau\u00e1, 305, no Centro de Petr\u00f3polis, contando com a presen\u00e7a do Correspondente Consular Sr. Filipo Albesano e demais convidados, perfazendo um total de 150 convidados.<\/p><p>Em 18 de dezembro de 1984, aconteceu o jantar de Confraterniza\u00e7\u00e3o de Natal onde foi denominado pela primeira vez o t\u00edtulo \u201cCol\u00f4nia Italiana de Petr\u00f3polis\u201d. nas depend\u00eancias da a cantina, na Rua Washington Luiz, 466, no Centro, sobre a coordena\u00e7\u00e3o das Senhoras Antonieta d`Angelo Mesquita e Carminha Falconi, e dos Senhores Vittorio Vanzillotta e Vincenzo Vescovini. Nessa noite foram recepcionados 50 convidados.<\/p><p>A reuni\u00e3o de Congregamento da Col\u00f4nia Italiana, recepcionando o grupo folcl\u00f3rico\u00a0 \u201cdi Cori \u2013 It\u00e1lia\u201d que visitou Petr\u00f3polis, foi realizada em 22 de setembro de 1985 na cantina, na Rua Washington Luiz, 466, no Centro. Convocada pela Abrarte, com a presen\u00e7a da sua presidente Sr\u00aa Hebe Machado Brasil, a reuni\u00e3o contou com a participa\u00e7\u00e3o de 38 convidados.<\/p><p>Em 24 de agosto de 1985, foi realizada mais uma festa e reuni\u00e3o de confraterniza\u00e7\u00e3o\u00a0 denominada \u201cNotte Italiana\u201d, no Petropolitano Foot-Ball Club, na Rua Roberto Silveira, 82, no Centro. O comit\u00ea de organiza\u00e7\u00e3o contou com a participa\u00e7\u00e3o do Correspondente Consular Sr. Filipo Albesano e sua esposa, Geraldo Ventura Dias, Mirella Zennaro, Breno Di Nardi, Carminha Falconi,\u00a0 Vincenzo Vescovini e Antonieta d`Angelo Mesquita, al\u00e9m de 250 convidados, entre autoridades e empres\u00e1rios de Petr\u00f3polis.<\/p><p>Em 19 de dezembro de 1985 aconteceu mais uma Confraterniza\u00e7\u00e3o de Natal, no Clube 85, na Rua Bar\u00e3o do Amazonas, 85, no Centro de Petr\u00f3polis. Presidida pelo Correspondente Consular Sr. Filipo Albesano e esposa, o evento contou com a presen\u00e7a dos integrantes da col\u00f4nia italiana e convidados, entre autoridades e empres\u00e1rios de Petr\u00f3polis.<\/p><p>Em 28 de dezembro de 1986 foi feita a abertura do livro de atos (P\u00e1gina 20), doado pela Sr\u00aa Antonieta d`Angelo Mesquita, onde seriam em seguida registrados os fundadores da j\u00e1 denominada \u201cCasa d\u2019Italia Anita Garibaldi\u201d.<\/p><p>Em 22 de dezembro de 1986, com in\u00edcio \u00e0s 20h30m, nas depend\u00eancias do Col\u00e9gio S\u00e3o Jos\u00e9, situado na Rua Montecaseros, 240, no Centro de Petr\u00f3polis. Se encontraram um grupo de pessoas com a finalidade da cria\u00e7\u00e3o de uma entidade capaz de agregar a col\u00f4nia italiana de Petr\u00f3polis, seus descendentes e tantos outros que desejassem integr\u00e1-la, no desiderato de promover as tradi\u00e7\u00f5es, as artes e a cultura italiana.<\/p><p>Em 27 de dezembro de 1986, \u00e0s 16h, nas depend\u00eancias do Col\u00e9gio S\u00e3o Jos\u00e9, situado na Rua Montecaseros, 240, nesta cidade, ocorreu a reuni\u00e3o definitiva para a cria\u00e7\u00e3o da Casa d`Italia Anita Garibaldi, com a apresenta\u00e7\u00e3o dos livros para as atas e a assinatura do Conselho de Funda\u00e7\u00e3o e dos Fundadores.<\/p><p>A ata de registro da funda\u00e7\u00e3o da Casa d\u2019Italia Anita Garibaldi\u00a0 aconteceu em reuni\u00e3o solene, \u00e0s 15h, no dia 11 de janeiro de 1987, na Casa Claudio de Souza, situada na Pra\u00e7a Rui Barbosa, 247, no Centro de Petr\u00f3polis. Compareceram os fundadores, cujas assinaturas est\u00e3o registradas em livro pr\u00f3prio e os seus nomes s\u00e3o os que seguem: Giovanni Zampieron, Jose de Cusatis, Vincenzo Vescovini, Carmine Carnevale, Francesco Lauria, Carlo Zennaro, Jonas Caetano, Salvatore Santoro, Constantino Vanzillotta, Pasquale Cutrupi, Carla Carnevale, Sergio Vallini, Vera Lucia Carnevale, Antonieta d\u2019Angelo Mesquita, Francisco Corsi, Renato Ayres da Motta, Renato Sbragia e Guido Salvini.<\/p><p>Em 11 de janeiro de 1987, aconteceu no Clube 85 a solenidade de inaugura\u00e7\u00e3o da Casa\u00a0 d\u2019Italia Anita Garibaldi, contando com a presen\u00e7a de v\u00e1rias personalidades pol\u00edticas, sociais e empresariais, na presen\u00e7a de todos os participantes do Conselho de Diretoria e diretoria da institui\u00e7\u00e3o, bem como convidados. A solenidade foi amplamente divulgada atrav\u00e9s do jornais desta cidade. na \u00e9poca<\/p><p>Desde ent\u00e3o, a Casa d\u2019Italia Anita Garibaldi, em parceria com a Prefeitura Municipal de Petr\u00f3polis vem realizando a Festa Serra Serata, no m\u00eas setembro, em data pr\u00f3xima ao dia em que se comemora San Gennaro na It\u00e1lia. No decorrer destes anos, a festa &#8211; que come\u00e7ou como \u201cFesta dos Italianos\u201d e foi rebatizada com o nome \u201cSerra Serra &#8211; a Festa dos Italianos em Petr\u00f3polis. Este nome foi dado por um grupo de participantes da diretoria da institui\u00e7\u00e3o, como uma homenagem aos seus fundadores, muitos dos quais n\u00e3o est\u00e3o mais presentes, mas para sempre ser\u00e3o homenageados.<\/p><p>Chegamos \u00e0 13\u00b0 edi\u00e7\u00e3o este ano e estamos muito felizes com este evento, pois somos um povo que abrigamos com muito carinho, gentileza, alegria, m\u00fasica, amizade, &#8220;mangiare bene&#8221;, cultura, artes e principalmente tanta felicit\u00e0 nel cuore \u2013 tanta Felicidade no Cora\u00e7\u00e3o. Somos rom\u00e2nticos e sentimentais com valores indestrut\u00edveis. Nossos cora\u00e7\u00f5es est\u00e3o repletos de emo\u00e7\u00f5es que n\u00e3o conseguimos esconder, com nosso jeito peculiar de ser. Intensos e passionais, sempre prontos a receber todos com muito afeto, de todas as nacionalidades, credos e prefer\u00eancias.<\/p>\t\t\t\t\t\t<\/div>\n\t\t\t\t<\/div>\n\t\t\t\t\t<\/div>\n\t\t<\/div>\n\t\t\t\t\t\t\t<\/div>\n\t\t<\/section>\n\t\t\t\t\t\t<\/div>\n\t\t\t\t\t<\/div>\n\t\t","protected":false},"excerpt":{"rendered":"<p>Funda\u00e7\u00e3o da Casa d&#8217;Italia Anita Garibaldi Petr\u00f3polis Entre os dias 24 e 28 de setembro de 1983 aconteceu em Petr\u00f3polis a Primeira Semana da Contribui\u00e7\u00e3o Cultural Estrangeira \u2013 Stand da [&hellip;]<\/p>\n","protected":false},"author":1,"featured_media":0,"parent":0,"menu_order":0,"comment_status":"closed","ping_status":"closed","template":"","meta":[],"yoast_head":"<!-- This site is optimized with the Yoast SEO plugin v16.8 - https:\/\/yoast.com\/wordpress\/plugins\/seo\/ -->\n<title>Funda\u00e7\u00e3o da Casa d&#039;Italia Anita Garibaldi Petr\u00f3polis - Serra Serata<\/title>\n<meta name=\"robots\" content=\"index, nofollow, max-snippet:-1, max-image-preview:large, max-video-preview:-1\" \/>\n<link rel=\"canonical\" href=\"https:\/\/web2.petropolis.rj.gov.br\/serra-serata\/fundacao-da-casa-ditalia-anita-garibaldi-petropolis\/\" \/>\n<meta property=\"og:locale\" content=\"pt_BR\" \/>\n<meta property=\"og:type\" content=\"article\" \/>\n<meta property=\"og:title\" content=\"Funda\u00e7\u00e3o da Casa d&#039;Italia Anita Garibaldi Petr\u00f3polis - Serra Serata\" \/>\n<meta property=\"og:description\" content=\"Funda\u00e7\u00e3o da Casa d&#8217;Italia Anita Garibaldi Petr\u00f3polis Entre os dias 24 e 28 de setembro de 1983 aconteceu em Petr\u00f3polis a Primeira Semana da Contribui\u00e7\u00e3o Cultural Estrangeira \u2013 Stand da [&hellip;]\" \/>\n<meta property=\"og:url\" content=\"https:\/\/web2.petropolis.rj.gov.br\/serra-serata\/fundacao-da-casa-ditalia-anita-garibaldi-petropolis\/\" \/>\n<meta property=\"og:site_name\" content=\"Serra Serata\" \/>\n<meta property=\"article:modified_time\" content=\"2022-08-29T15:12:26+00:00\" \/>\n<meta property=\"og:image\" content=\"https:\/\/web2.petropolis.rj.gov.br\/serra-serata\/wp-content\/uploads\/2022\/08\/casa-d-italia-11-180x180.png\" \/>\n<meta name=\"twitter:card\" content=\"summary_large_image\" \/>\n<meta name=\"twitter:label1\" content=\"Est. tempo de leitura\" \/>\n\t<meta name=\"twitter:data1\" content=\"5 minutos\" \/>\n<script type=\"application\/ld+json\" class=\"yoast-schema-graph\">{\"@context\":\"https:\/\/schema.org\",\"@graph\":[{\"@type\":\"WebSite\",\"@id\":\"https:\/\/web2.petropolis.rj.gov.br\/serra-serata\/#website\",\"url\":\"https:\/\/web2.petropolis.rj.gov.br\/serra-serata\/\",\"name\":\"Serra Serata\",\"description\":\"2024\",\"potentialAction\":[{\"@type\":\"SearchAction\",\"target\":{\"@type\":\"EntryPoint\",\"urlTemplate\":\"https:\/\/web2.petropolis.rj.gov.br\/serra-serata\/?s={search_term_string}\"},\"query-input\":\"required name=search_term_string\"}],\"inLanguage\":\"pt-BR\"},{\"@type\":\"ImageObject\",\"@id\":\"https:\/\/web2.petropolis.rj.gov.br\/serra-serata\/fundacao-da-casa-ditalia-anita-garibaldi-petropolis\/#primaryimage\",\"inLanguage\":\"pt-BR\",\"url\":\"https:\/\/web2.petropolis.rj.gov.br\/serra-serata\/wp-content\/uploads\/2022\/08\/casa-d-italia-11.png\",\"contentUrl\":\"https:\/\/web2.petropolis.rj.gov.br\/serra-serata\/wp-content\/uploads\/2022\/08\/casa-d-italia-11.png\",\"width\":1080,\"height\":1080},{\"@type\":\"WebPage\",\"@id\":\"https:\/\/web2.petropolis.rj.gov.br\/serra-serata\/fundacao-da-casa-ditalia-anita-garibaldi-petropolis\/#webpage\",\"url\":\"https:\/\/web2.petropolis.rj.gov.br\/serra-serata\/fundacao-da-casa-ditalia-anita-garibaldi-petropolis\/\",\"name\":\"Funda\\u00e7\\u00e3o da Casa d'Italia Anita Garibaldi Petr\\u00f3polis - Serra Serata\",\"isPartOf\":{\"@id\":\"https:\/\/web2.petropolis.rj.gov.br\/serra-serata\/#website\"},\"primaryImageOfPage\":{\"@id\":\"https:\/\/web2.petropolis.rj.gov.br\/serra-serata\/fundacao-da-casa-ditalia-anita-garibaldi-petropolis\/#primaryimage\"},\"datePublished\":\"2021-06-07T19:18:02+00:00\",\"dateModified\":\"2022-08-29T15:12:26+00:00\",\"breadcrumb\":{\"@id\":\"https:\/\/web2.petropolis.rj.gov.br\/serra-serata\/fundacao-da-casa-ditalia-anita-garibaldi-petropolis\/#breadcrumb\"},\"inLanguage\":\"pt-BR\",\"potentialAction\":[{\"@type\":\"ReadAction\",\"target\":[\"https:\/\/web2.petropolis.rj.gov.br\/serra-serata\/fundacao-da-casa-ditalia-anita-garibaldi-petropolis\/\"]}]},{\"@type\":\"BreadcrumbList\",\"@id\":\"https:\/\/web2.petropolis.rj.gov.br\/serra-serata\/fundacao-da-casa-ditalia-anita-garibaldi-petropolis\/#breadcrumb\",\"itemListElement\":[{\"@type\":\"ListItem\",\"position\":1,\"name\":\"In\\u00edcio\",\"item\":\"https:\/\/web2.petropolis.rj.gov.br\/serra-serata\/\"},{\"@type\":\"ListItem\",\"position\":2,\"name\":\"Funda\\u00e7\\u00e3o da Casa d&#8217;Italia Anita Garibaldi Petr\\u00f3polis\"}]}]}<\/script>\n<!-- \/ Yoast SEO plugin. -->","yoast_head_json":{"title":"Funda\u00e7\u00e3o da Casa d'Italia Anita Garibaldi Petr\u00f3polis - Serra Serata","robots":{"index":"index","follow":"nofollow","max-snippet":"max-snippet:-1","max-image-preview":"max-image-preview:large","max-video-preview":"max-video-preview:-1"},"canonical":"https:\/\/web2.petropolis.rj.gov.br\/serra-serata\/fundacao-da-casa-ditalia-anita-garibaldi-petropolis\/","og_locale":"pt_BR","og_type":"article","og_title":"Funda\u00e7\u00e3o da Casa d'Italia Anita Garibaldi Petr\u00f3polis - Serra Serata","og_description":"Funda\u00e7\u00e3o da Casa d&#8217;Italia Anita Garibaldi Petr\u00f3polis Entre os dias 24 e 28 de setembro de 1983 aconteceu em Petr\u00f3polis a Primeira Semana da Contribui\u00e7\u00e3o Cultural Estrangeira \u2013 Stand da [&hellip;]","og_url":"https:\/\/web2.petropolis.rj.gov.br\/serra-serata\/fundacao-da-casa-ditalia-anita-garibaldi-petropolis\/","og_site_name":"Serra Serata","article_modified_time":"2022-08-29T15:12:26+00:00","og_image":[{"url":"https:\/\/web2.petropolis.rj.gov.br\/serra-serata\/wp-content\/uploads\/2022\/08\/casa-d-italia-11-180x180.png"}],"twitter_card":"summary_large_image","twitter_misc":{"Est. tempo de leitura":"5 minutos"},"schema":{"@context":"https:\/\/schema.org","@graph":[{"@type":"WebSite","@id":"https:\/\/web2.petropolis.rj.gov.br\/serra-serata\/#website","url":"https:\/\/web2.petropolis.rj.gov.br\/serra-serata\/","name":"Serra Serata","description":"2024","potentialAction":[{"@type":"SearchAction","target":{"@type":"EntryPoint","urlTemplate":"https:\/\/web2.petropolis.rj.gov.br\/serra-serata\/?s={search_term_string}"},"query-input":"required name=search_term_string"}],"inLanguage":"pt-BR"},{"@type":"ImageObject","@id":"https:\/\/web2.petropolis.rj.gov.br\/serra-serata\/fundacao-da-casa-ditalia-anita-garibaldi-petropolis\/#primaryimage","inLanguage":"pt-BR","url":"https:\/\/web2.petropolis.rj.gov.br\/serra-serata\/wp-content\/uploads\/2022\/08\/casa-d-italia-11.png","contentUrl":"https:\/\/web2.petropolis.rj.gov.br\/serra-serata\/wp-content\/uploads\/2022\/08\/casa-d-italia-11.png","width":1080,"height":1080},{"@type":"WebPage","@id":"https:\/\/web2.petropolis.rj.gov.br\/serra-serata\/fundacao-da-casa-ditalia-anita-garibaldi-petropolis\/#webpage","url":"https:\/\/web2.petropolis.rj.gov.br\/serra-serata\/fundacao-da-casa-ditalia-anita-garibaldi-petropolis\/","name":"Funda\u00e7\u00e3o da Casa d'Italia Anita Garibaldi Petr\u00f3polis - Serra Serata","isPartOf":{"@id":"https:\/\/web2.petropolis.rj.gov.br\/serra-serata\/#website"},"primaryImageOfPage":{"@id":"https:\/\/web2.petropolis.rj.gov.br\/serra-serata\/fundacao-da-casa-ditalia-anita-garibaldi-petropolis\/#primaryimage"},"datePublished":"2021-06-07T19:18:02+00:00","dateModified":"2022-08-29T15:12:26+00:00","breadcrumb":{"@id":"https:\/\/web2.petropolis.rj.gov.br\/serra-serata\/fundacao-da-casa-ditalia-anita-garibaldi-petropolis\/#breadcrumb"},"inLanguage":"pt-BR","potentialAction":[{"@type":"ReadAction","target":["https:\/\/web2.petropolis.rj.gov.br\/serra-serata\/fundacao-da-casa-ditalia-anita-garibaldi-petropolis\/"]}]},{"@type":"BreadcrumbList","@id":"https:\/\/web2.petropolis.rj.gov.br\/serra-serata\/fundacao-da-casa-ditalia-anita-garibaldi-petropolis\/#breadcrumb","itemListElement":[{"@type":"ListItem","position":1,"name":"In\u00edcio","item":"https:\/\/web2.petropolis.rj.gov.br\/serra-serata\/"},{"@type":"ListItem","position":2,"name":"Funda\u00e7\u00e3o da Casa d&#8217;Italia Anita Garibaldi Petr\u00f3polis"}]}]}},"_links":{"self":[{"href":"https:\/\/web2.petropolis.rj.gov.br\/serra-serata\/wp-json\/wp\/v2\/pages\/1742"}],"collection":[{"href":"https:\/\/web2.petropolis.rj.gov.br\/serra-serata\/wp-json\/wp\/v2\/pages"}],"about":[{"href":"https:\/\/web2.petropolis.rj.gov.br\/serra-serata\/wp-json\/wp\/v2\/types\/page"}],"author":[{"embeddable":true,"href":"https:\/\/web2.petropolis.rj.gov.br\/serra-serata\/wp-json\/wp\/v2\/users\/1"}],"replies":[{"embeddable":true,"href":"https:\/\/web2.petropolis.rj.gov.br\/serra-serata\/wp-json\/wp\/v2\/comments?post=1742"}],"version-history":[{"count":47,"href":"https:\/\/web2.petropolis.rj.gov.br\/serra-serata\/wp-json\/wp\/v2\/pages\/1742\/revisions"}],"predecessor-version":[{"id":3037,"href":"https:\/\/web2.petropolis.rj.gov.br\/serra-serata\/wp-json\/wp\/v2\/pages\/1742\/revisions\/3037"}],"wp:attachment":[{"href":"https:\/\/web2.petropolis.rj.gov.br\/serra-serata\/wp-json\/wp\/v2\/media?parent=1742"}],"curies":[{"name":"wp","href":"https:\/\/api.w.org\/{rel}","templated":true}]}}